{"id":966,"date":"2018-02-12T14:40:57","date_gmt":"2018-02-12T14:40:57","guid":{"rendered":"https:\/\/pbmertens.be\/home\/"},"modified":"2023-06-05T13:07:39","modified_gmt":"2023-06-05T13:07:39","slug":"home","status":"publish","type":"page","link":"https:\/\/pbmertens.be\/fr\/","title":{"rendered":"Home"},"content":{"rendered":"\n<h2>\n\t\tPutboringen Mertens, pour des forages durables !\n\t<\/h2>\n\t<p>Que vous soyez un particulier qui envisage d&rsquo;installer un puits ou une pompe \u00e0 chaleur ou un entrepreneur qui r\u00e9alise un complexe industriel ou de nouveaux immeubles de bureaux, il est important d&rsquo;avoir un partenaire fiable pour les forages. Vous pouvez d\u00e8s lors vous adresser \u00e0 Putboringen Mertens aussi bien pour l&rsquo;analyse que pour l&rsquo;ex\u00e9cution proprement dite. Nous ne cherchons pas seulement \u00e0 obtenir un r\u00e9sultat optimal pour vous en tant que client, mais nous sommes aussi attentifs \u00e0 la durabilit\u00e9 des travaux de terrassement.<\/p>\n\t<ul>\n\t\t\t<li>\n\t\t\t<h4>\n\t\t\t\t<a href=\"\/?page_id=967\" target=\"_self\" data-hover=\"En savoir plus sur nous\" rel=\"noopener\">En savoir plus sur nous<\/a>\n\t\t\t<\/h4>\n\t\t<\/li>\n\t\t\t\t<\/ul>\n\t\t\t\t<img decoding=\"async\" src=\"https:\/\/pbmertens.be\/wp-content\/uploads\/2023\/01\/waterboringen-1.png\" alt=\"waterboringen\" itemprop=\"image\" title=\"waterboringen\" onerror=\"this.style.display='none'\"  \/>\n\n<h2>\n\t\tForage de puits\n\t<\/h2>\n\t<p>Vous \u00eates un particulier et vous cherchez une entreprise qui peut installer un puits ? Ou vous \u00eates un entrepreneur \u00e0 la recherche d&rsquo;un partenaire fiable qui peut vous donner des conseils avis\u00e9s en mati\u00e8re de forage de puits ? Vous pouvez vous adresser \u00e0 nous pour tout ce qui concerne les forages de puits.<\/p>\n\t\t\t<a href=\"https:\/\/pbmertens.be\/fr\/forage-de-puits\/\" target=\"_self\" role=\"button\" aria-label=\"Lire plus\" rel=\"noopener\">\n\t\t\t\t\t\t\tLire plus\n\t\t<\/a>\n\t\t\t\t<img decoding=\"async\" src=\"https:\/\/pbmertens.be\/wp-content\/uploads\/2023\/01\/heatpump.png\" alt=\"heatpump\" itemprop=\"image\" title=\"heatpump\" onerror=\"this.style.display='none'\"  \/>\n\n<h2>\n\t\tForages g\u00e9othermiques\n\t<\/h2>\n\t<p>Les sources d&rsquo;\u00e9nergie renouvelables sont en plein essor. Elles offrent en effet une alternative int\u00e9ressante aux combustibles fossiles et contribuent \u00e0 r\u00e9duire les \u00e9missions de gaz \u00e0 effet de serre. La g\u00e9othermie fait partie de ces sources d&rsquo;\u00e9nergie renouvelables.<\/p>\n\t\t\t<a href=\"https:\/\/pbmertens.be\/fr\/forages-geothermiques\/\" target=\"_self\" role=\"button\" aria-label=\"Lire plus\" rel=\"noopener\">\n\t\t\t\t\t\t\tLire plus\n\t\t<\/a>\n<h2>\n\t\tPourquoi choisir Putboringen Mertens dans votre secteur ?\n\t<\/h2>\n\t\t\t\t<img decoding=\"async\" src=\"https:\/\/pbmertens.be\/wp-content\/uploads\/2023\/01\/Putboringen-Mertens-klein-kopieren.png\" alt=\"Putboringen-Mertens-klein kopi\u00ebren\" itemprop=\"image\" title=\"Putboringen-Mertens-klein kopi\u00ebren\" onerror=\"this.style.display='none'\"  \/>\n\tGEOTECH BV<br \/>\nMolenstraat 85<br \/>\n9255 Buggenhout<br \/>\nTVA BE 0873.675.238\nT\u00e9l: <a href=\"tel:+32479700336\">+32 (0)479 70 03 36<\/a><br \/>\n<a href=\"mailto:info@pbmertens.be\">info@pbmertens.be<\/a>\n<h2>\n\t\tMenu\n\t<\/h2>\n<h2>\n\t\tAutres liens\n\t<\/h2>\n<h2>\n\t\tA propos de Putboringen Mertens\n\t<\/h2>\n\t<p>Vous \u00eates \u00e0 la recherche d&rsquo;un partenaire fiable pour les forages de sol et de puits ? Vous pouvez d\u00e8s lors vous adresser \u00e0 Putboringen Mertens aussi bien pour l&rsquo;analyse que pour l&rsquo;ex\u00e9cution proprement dite. Nous ne cherchons pas seulement \u00e0 obtenir un r\u00e9sultat optimal pour vous en tant que client, mais nous sommes aussi attentifs \u00e0 la durabilit\u00e9 des travaux de terrassement.<\/p>\n\n","protected":false},"excerpt":{"rendered":"<p>Putboringen Mertens, pour des forages durables ! Que vous soyez un particulier qui envisage d&rsquo;installer un puits ou une pompe \u00e0 chaleur ou un entrepreneur qui r\u00e9alise un complexe industriel ou de nouveaux immeubles de bureaux, il est important d&rsquo;avoir un partenaire fiable pour les forages. Vous pouvez d\u00e8s lors vous adresser \u00e0 Putboringen Mertens [&hellip;]<\/p>\n","protected":false},"author":1,"featured_media":0,"parent":0,"menu_order":0,"comment_status":"closed","ping_status":"closed","template":"","meta":{"site-sidebar-layout":"no-sidebar","site-content-layout":"page-builder","ast-site-content-layout":"default","site-content-style":"default","site-sidebar-style":"default","ast-global-header-display":"","ast-banner-title-visibility":"","ast-main-header-display":"","ast-hfb-above-header-display":"","ast-hfb-below-header-display":"","ast-hfb-mobile-header-display":"","site-post-title":"disabled","ast-breadcrumbs-content":"","ast-featured-img":"disabled","footer-sml-layout":"","ast-disable-related-posts":"","theme-transparent-header-meta":"","adv-header-id-meta":"","stick-header-meta":"","header-above-stick-meta":"","header-main-stick-meta":"","header-below-stick-meta":"","astra-migrate-meta-layouts":"default","ast-page-background-enabled":"default","ast-page-background-meta":{"desktop":{"background-color":"","background-image":"","background-repeat":"repeat","background-position":"center center","background-size":"auto","background-attachment":"scroll","background-type":"","background-media":"","overlay-type":"","overlay-color":"","overlay-opacity":"","overlay-gradient":""},"tablet":{"background-color":"","background-image":"","background-repeat":"repeat","background-position":"center center","background-size":"auto","background-attachment":"scroll","background-type":"","background-media":"","overlay-type":"","overlay-color":"","overlay-opacity":"","overlay-gradient":""},"mobile":{"background-color":"","background-image":"","background-repeat":"repeat","background-position":"center center","background-size":"auto","background-attachment":"scroll","background-type":"","background-media":"","overlay-type":"","overlay-color":"","overlay-opacity":"","overlay-gradient":""}},"ast-content-background-meta":{"desktop":{"background-color":"var(--ast-global-color-5)","background-image":"","background-repeat":"repeat","background-position":"center center","background-size":"auto","background-attachment":"scroll","background-type":"","background-media":"","overlay-type":"","overlay-color":"","overlay-opacity":"","overlay-gradient":""},"tablet":{"background-color":"var(--ast-global-color-5)","background-image":"","background-repeat":"repeat","background-position":"center center","background-size":"auto","background-attachment":"scroll","background-type":"","background-media":"","overlay-type":"","overlay-color":"","overlay-opacity":"","overlay-gradient":""},"mobile":{"background-color":"var(--ast-global-color-5)","background-image":"","background-repeat":"repeat","background-position":"center center","background-size":"auto","background-attachment":"scroll","background-type":"","background-media":"","overlay-type":"","overlay-color":"","overlay-opacity":"","overlay-gradient":""}},"footnotes":""},"class_list":["post-966","page","type-page","status-publish","hentry"],"yoast_head":"<!-- This site is optimized with the Yoast SEO plugin v27.2 - https:\/\/yoast.com\/product\/yoast-seo-wordpress\/ -->\n<title>Putboringen Mertens, pour des forages durables ! | Putboringen Mertens<\/title>\n<meta name=\"description\" content=\"Il est important d\u2019avoir un partenaire fiable pour les forages de sol. Vous pouvez dans ce cas vous adresser \u00e0 Putboringen Mertens. Cliquez pour en savoir plus.\" \/>\n<meta name=\"robots\" content=\"index, follow, max-snippet:-1, max-image-preview:large, max-video-preview:-1\" \/>\n<link rel=\"canonical\" href=\"https:\/\/pbmertens.be\/fr\/\" \/>\n<meta property=\"og:locale\" content=\"fr_FR\" \/>\n<meta property=\"og:type\" content=\"article\" \/>\n<meta property=\"og:title\" content=\"Putboringen Mertens, pour des forages durables ! | Putboringen Mertens\" \/>\n<meta property=\"og:description\" content=\"Il est important d\u2019avoir un partenaire fiable pour les forages de sol. Vous pouvez dans ce cas vous adresser \u00e0 Putboringen Mertens. Cliquez pour en savoir plus.\" \/>\n<meta property=\"og:url\" content=\"https:\/\/pbmertens.be\/fr\/\" \/>\n<meta property=\"og:site_name\" content=\"Putboringen Mertens\" \/>\n<meta property=\"article:modified_time\" content=\"2023-06-05T13:07:39+00:00\" \/>\n<meta property=\"og:image\" content=\"http:\/\/pbmertens.be\/wp-content\/uploads\/2023\/01\/waterboringen-1.png\" \/>\n<meta name=\"twitter:card\" content=\"summary_large_image\" \/>\n<meta name=\"twitter:label1\" content=\"Dur\u00e9e de lecture estim\u00e9e\" \/>\n\t<meta name=\"twitter:data1\" content=\"1 minute\" \/>\n<script type=\"application\/ld+json\" class=\"yoast-schema-graph\">{\"@context\":\"https:\/\/schema.org\",\"@graph\":[{\"@type\":\"WebPage\",\"@id\":\"https:\/\/pbmertens.be\/fr\/\",\"url\":\"https:\/\/pbmertens.be\/fr\/\",\"name\":\"Putboringen Mertens, pour des forages durables ! | Putboringen Mertens\",\"isPartOf\":{\"@id\":\"https:\/\/pbmertens.be\/fr\/#website\"},\"primaryImageOfPage\":{\"@id\":\"https:\/\/pbmertens.be\/fr\/#primaryimage\"},\"image\":{\"@id\":\"https:\/\/pbmertens.be\/fr\/#primaryimage\"},\"thumbnailUrl\":\"https:\/\/pbmertens.be\/wp-content\/uploads\/2023\/01\/waterboringen-1.png\",\"datePublished\":\"2018-02-12T14:40:57+00:00\",\"dateModified\":\"2023-06-05T13:07:39+00:00\",\"description\":\"Il est important d\u2019avoir un partenaire fiable pour les forages de sol. Vous pouvez dans ce cas vous adresser \u00e0 Putboringen Mertens. Cliquez pour en savoir plus.\",\"breadcrumb\":{\"@id\":\"https:\/\/pbmertens.be\/fr\/#breadcrumb\"},\"inLanguage\":\"fr-FR\",\"potentialAction\":[{\"@type\":\"ReadAction\",\"target\":[\"https:\/\/pbmertens.be\/fr\/\"]}]},{\"@type\":\"ImageObject\",\"inLanguage\":\"fr-FR\",\"@id\":\"https:\/\/pbmertens.be\/fr\/#primaryimage\",\"url\":\"https:\/\/pbmertens.be\/wp-content\/uploads\/2023\/01\/waterboringen-1.png\",\"contentUrl\":\"https:\/\/pbmertens.be\/wp-content\/uploads\/2023\/01\/waterboringen-1.png\"},{\"@type\":\"BreadcrumbList\",\"@id\":\"https:\/\/pbmertens.be\/fr\/#breadcrumb\",\"itemListElement\":[{\"@type\":\"ListItem\",\"position\":1,\"name\":\"Home\",\"item\":\"https:\/\/pbmertens.be\/fr\/\"},{\"@type\":\"ListItem\",\"position\":2,\"name\":\"Home\"}]},{\"@type\":\"WebSite\",\"@id\":\"https:\/\/pbmertens.be\/fr\/#website\",\"url\":\"https:\/\/pbmertens.be\/fr\/\",\"name\":\"Putboringen Mertens\",\"description\":\"Just another WordPress site\",\"publisher\":{\"@id\":\"https:\/\/pbmertens.be\/fr\/#organization\"},\"potentialAction\":[{\"@type\":\"SearchAction\",\"target\":{\"@type\":\"EntryPoint\",\"urlTemplate\":\"https:\/\/pbmertens.be\/fr\/?s={search_term_string}\"},\"query-input\":{\"@type\":\"PropertyValueSpecification\",\"valueRequired\":true,\"valueName\":\"search_term_string\"}}],\"inLanguage\":\"fr-FR\"},{\"@type\":\"Organization\",\"@id\":\"https:\/\/pbmertens.be\/fr\/#organization\",\"name\":\"Putboringen Mertens\",\"url\":\"https:\/\/pbmertens.be\/fr\/\",\"logo\":{\"@type\":\"ImageObject\",\"inLanguage\":\"fr-FR\",\"@id\":\"https:\/\/pbmertens.be\/fr\/#\/schema\/logo\/image\/\",\"url\":\"https:\/\/pbmertens.be\/wp-content\/uploads\/2026\/01\/Putboringen-Mertens-2026-scaled.png\",\"contentUrl\":\"https:\/\/pbmertens.be\/wp-content\/uploads\/2026\/01\/Putboringen-Mertens-2026-scaled.png\",\"width\":2560,\"height\":672,\"caption\":\"Putboringen Mertens\"},\"image\":{\"@id\":\"https:\/\/pbmertens.be\/fr\/#\/schema\/logo\/image\/\"}}]}<\/script>\n<!-- \/ Yoast SEO plugin. -->","yoast_head_json":{"title":"Putboringen Mertens, pour des forages durables ! | Putboringen Mertens","description":"Il est important d\u2019avoir un partenaire fiable pour les forages de sol. Vous pouvez dans ce cas vous adresser \u00e0 Putboringen Mertens. Cliquez pour en savoir plus.","robots":{"index":"index","follow":"follow","max-snippet":"max-snippet:-1","max-image-preview":"max-image-preview:large","max-video-preview":"max-video-preview:-1"},"canonical":"https:\/\/pbmertens.be\/fr\/","og_locale":"fr_FR","og_type":"article","og_title":"Putboringen Mertens, pour des forages durables ! | Putboringen Mertens","og_description":"Il est important d\u2019avoir un partenaire fiable pour les forages de sol. Vous pouvez dans ce cas vous adresser \u00e0 Putboringen Mertens. Cliquez pour en savoir plus.","og_url":"https:\/\/pbmertens.be\/fr\/","og_site_name":"Putboringen Mertens","article_modified_time":"2023-06-05T13:07:39+00:00","og_image":[{"url":"http:\/\/pbmertens.be\/wp-content\/uploads\/2023\/01\/waterboringen-1.png","type":"","width":"","height":""}],"twitter_card":"summary_large_image","twitter_misc":{"Dur\u00e9e de lecture estim\u00e9e":"1 minute"},"schema":{"@context":"https:\/\/schema.org","@graph":[{"@type":"WebPage","@id":"https:\/\/pbmertens.be\/fr\/","url":"https:\/\/pbmertens.be\/fr\/","name":"Putboringen Mertens, pour des forages durables ! | Putboringen Mertens","isPartOf":{"@id":"https:\/\/pbmertens.be\/fr\/#website"},"primaryImageOfPage":{"@id":"https:\/\/pbmertens.be\/fr\/#primaryimage"},"image":{"@id":"https:\/\/pbmertens.be\/fr\/#primaryimage"},"thumbnailUrl":"https:\/\/pbmertens.be\/wp-content\/uploads\/2023\/01\/waterboringen-1.png","datePublished":"2018-02-12T14:40:57+00:00","dateModified":"2023-06-05T13:07:39+00:00","description":"Il est important d\u2019avoir un partenaire fiable pour les forages de sol. Vous pouvez dans ce cas vous adresser \u00e0 Putboringen Mertens. Cliquez pour en savoir plus.","breadcrumb":{"@id":"https:\/\/pbmertens.be\/fr\/#breadcrumb"},"inLanguage":"fr-FR","potentialAction":[{"@type":"ReadAction","target":["https:\/\/pbmertens.be\/fr\/"]}]},{"@type":"ImageObject","inLanguage":"fr-FR","@id":"https:\/\/pbmertens.be\/fr\/#primaryimage","url":"https:\/\/pbmertens.be\/wp-content\/uploads\/2023\/01\/waterboringen-1.png","contentUrl":"https:\/\/pbmertens.be\/wp-content\/uploads\/2023\/01\/waterboringen-1.png"},{"@type":"BreadcrumbList","@id":"https:\/\/pbmertens.be\/fr\/#breadcrumb","itemListElement":[{"@type":"ListItem","position":1,"name":"Home","item":"https:\/\/pbmertens.be\/fr\/"},{"@type":"ListItem","position":2,"name":"Home"}]},{"@type":"WebSite","@id":"https:\/\/pbmertens.be\/fr\/#website","url":"https:\/\/pbmertens.be\/fr\/","name":"Putboringen Mertens","description":"Just another WordPress site","publisher":{"@id":"https:\/\/pbmertens.be\/fr\/#organization"},"potentialAction":[{"@type":"SearchAction","target":{"@type":"EntryPoint","urlTemplate":"https:\/\/pbmertens.be\/fr\/?s={search_term_string}"},"query-input":{"@type":"PropertyValueSpecification","valueRequired":true,"valueName":"search_term_string"}}],"inLanguage":"fr-FR"},{"@type":"Organization","@id":"https:\/\/pbmertens.be\/fr\/#organization","name":"Putboringen Mertens","url":"https:\/\/pbmertens.be\/fr\/","logo":{"@type":"ImageObject","inLanguage":"fr-FR","@id":"https:\/\/pbmertens.be\/fr\/#\/schema\/logo\/image\/","url":"https:\/\/pbmertens.be\/wp-content\/uploads\/2026\/01\/Putboringen-Mertens-2026-scaled.png","contentUrl":"https:\/\/pbmertens.be\/wp-content\/uploads\/2026\/01\/Putboringen-Mertens-2026-scaled.png","width":2560,"height":672,"caption":"Putboringen Mertens"},"image":{"@id":"https:\/\/pbmertens.be\/fr\/#\/schema\/logo\/image\/"}}]}},"_links":{"self":[{"href":"https:\/\/pbmertens.be\/fr\/wp-json\/wp\/v2\/pages\/966","targetHints":{"allow":["GET"]}}],"collection":[{"href":"https:\/\/pbmertens.be\/fr\/wp-json\/wp\/v2\/pages"}],"about":[{"href":"https:\/\/pbmertens.be\/fr\/wp-json\/wp\/v2\/types\/page"}],"author":[{"embeddable":true,"href":"https:\/\/pbmertens.be\/fr\/wp-json\/wp\/v2\/users\/1"}],"replies":[{"embeddable":true,"href":"https:\/\/pbmertens.be\/fr\/wp-json\/wp\/v2\/comments?post=966"}],"version-history":[{"count":11,"href":"https:\/\/pbmertens.be\/fr\/wp-json\/wp\/v2\/pages\/966\/revisions"}],"predecessor-version":[{"id":1083,"href":"https:\/\/pbmertens.be\/fr\/wp-json\/wp\/v2\/pages\/966\/revisions\/1083"}],"wp:attachment":[{"href":"https:\/\/pbmertens.be\/fr\/wp-json\/wp\/v2\/media?parent=966"}],"curies":[{"name":"wp","href":"https:\/\/api.w.org\/{rel}","templated":true}]}}